{"id":3136,"date":"2018-05-29T17:28:53","date_gmt":"2018-05-29T15:28:53","guid":{"rendered":"https:\/\/vtc-strasbourg-dmd.fr\/c-g-v\/"},"modified":"2025-09-25T00:40:47","modified_gmt":"2025-09-24T22:40:47","slug":"c-g-v","status":"publish","type":"page","link":"https:\/\/vtc-strasbourg-dmd.fr\/de\/c-g-v\/","title":{"rendered":"C.G.V"},"content":{"rendered":"\t\t<div data-elementor-type=\"wp-post\" data-elementor-id=\"3136\" class=\"elementor elementor-3136 elementor-62\" data-elementor-post-type=\"page\">\n\t\t\t\t\t\t<section class=\"elementor-section elementor-top-section elementor-element elementor-element-4f9844d elementor-section-full_width elementor-section-height-min-height elementor-section-height-default elementor-section-items-middle\" data-id=\"4f9844d\" data-element_type=\"section\" data-e-type=\"section\" data-settings=\"{&quot;background_background&quot;:&quot;classic&quot;}\">\n\t\t\t\t\t\t\t<div class=\"elementor-background-overlay\"><\/div>\n\t\t\t\t\t\t\t<div class=\"elementor-container elementor-column-gap-default\">\n\t\t\t\t\t<div class=\"elementor-column elementor-col-100 elementor-top-column elementor-element elementor-element-f0dbf09\" data-id=\"f0dbf09\" data-element_type=\"column\" data-e-type=\"column\">\n\t\t\t<div class=\"elementor-widget-wrap elementor-element-populated\">\n\t\t\t\t\t\t<div class=\"elementor-element elementor-element-1952dcf5 elementor-widget elementor-widget-heading\" data-id=\"1952dcf5\" data-element_type=\"widget\" data-e-type=\"widget\" data-widget_type=\"heading.default\">\n\t\t\t\t<div class=\"elementor-widget-container\">\n\t\t\t\t\t<h2 class=\"elementor-heading-title elementor-size-default\">Allgemeine Verkaufsbedingungen<\/h2>\t\t\t\t<\/div>\n\t\t\t\t<\/div>\n\t\t\t\t\t<\/div>\n\t\t<\/div>\n\t\t\t\t\t<\/div>\n\t\t<\/section>\n\t\t\t\t<section class=\"elementor-section elementor-top-section elementor-element elementor-element-5da1419 elementor-section-boxed elementor-section-height-default elementor-section-height-default\" data-id=\"5da1419\" data-element_type=\"section\" data-e-type=\"section\" data-settings=\"{&quot;background_background&quot;:&quot;classic&quot;}\">\n\t\t\t\t\t\t<div class=\"elementor-container elementor-column-gap-default\">\n\t\t\t\t\t<div class=\"elementor-column elementor-col-100 elementor-top-column elementor-element elementor-element-05c19d0\" data-id=\"05c19d0\" data-element_type=\"column\" data-e-type=\"column\">\n\t\t\t<div class=\"elementor-widget-wrap elementor-element-populated\">\n\t\t\t\t\t\t<div class=\"elementor-element elementor-element-406bf9e elementor-widget elementor-widget-spacer\" data-id=\"406bf9e\" data-element_type=\"widget\" data-e-type=\"widget\" data-widget_type=\"spacer.default\">\n\t\t\t\t<div class=\"elementor-widget-container\">\n\t\t\t\t\t\t\t<div class=\"elementor-spacer\">\n\t\t\t<div class=\"elementor-spacer-inner\"><\/div>\n\t\t<\/div>\n\t\t\t\t\t\t<\/div>\n\t\t\t\t<\/div>\n\t\t\t\t<div class=\"elementor-element elementor-element-58f1255 elementor-widget elementor-widget-text-editor\" data-id=\"58f1255\" data-element_type=\"widget\" data-e-type=\"widget\" data-widget_type=\"text-editor.default\">\n\t\t\t\t<div class=\"elementor-widget-container\">\n\t\t\t\t\t\t\t\t\t<p>Die Firma Drive me Driver erbringt Transportdienstleistungen mit Hilfe von Transportfahrzeugen mit Chauffeur (VTC), ausschlie\u00dflich auf Reservierung und zu einem vordefinierten Preis. Der eingetragene Sitz von Drive me Driver befindet sich in 5 IMP VIOLETTES 67640 FEGERSHEIM. <\/p><p>Die Firma Drive me Driver ist im Handelsregister unter der Nummer 829 153 899 und im Register der Betreiber von Fahrzeugen mit Chauffeur des Ministeriums f\u00fcr Umwelt, Energie und Meer eingetragen.<\/p><p>1 \u2013 ZWECK<\/p><p>Der Zweck dieser Allgemeinen Gesch\u00e4ftsbedingungen besteht darin, die Bedingungen festzulegen, die f\u00fcr Transportdienstleistungsvertr\u00e4ge gelten, die zwischen Drive me Driver und seinen Kunden abgeschlossen werden. Durch die Nutzung der Dienste von Drive me Driver wird davon ausgegangen, dass der Kunde diese Allgemeinen Verkaufsbedingungen gelesen und vollst\u00e4ndig akzeptiert hat. <\/p><p>2 \u2013 ZUSTANDEKOMMEN DES BEF\u00d6RDERUNGSDIENSTLEISTUNGSVERTRAGES<\/p><p>Der Kunde kann 24 Stunden am Tag, 7 Tage die Woche auf der Website des DrivemeDriver.fr oder telefonisch unter +33 6 01 35 53 54 eine Anfrage f\u00fcr eine Dienstleistung stellen. Der Kunde stellt alle Informationen zu seiner Anfrage f\u00fcr die Dienstleistung zur Verf\u00fcgung. Er ist allein verantwortlich f\u00fcr diese Informationen, von denen die folgenden f\u00fcr den Vertrag als wesentlich angesehen werden: Datum der Bef\u00f6rderungsleistung, Ort der Abholung, Ort der Abgabe, Zeit der Abholung, Anzahl der Passagiere (Erwachsene\/Kind), Anzahl der Gep\u00e4ck(e), Art der Dienstleistung (Transfer, Bereitstellung). Drive me Driver legt den Preis der Dienstleistung gem\u00e4\u00df den vom Kunden bereitgestellten Informationen fest.   <\/p><p>Die Auszahlung des Gewinns erfolgt per Kreditkarte \u00fcber ein sicheres elektronisches System. Mit der Angabe seiner Bankverbindung akzeptiert der Kunde im Voraus und bedingungslos, dass Drive me Driver die sichere Transaktion durchf\u00fchrt und seine Bank im Voraus erm\u00e4chtigt, sein Konto mit dem Betrag der Dienstleistung zu belasten. Nach Best\u00e4tigung der Anfrage der Dienstleistung und der Zahlung des Preises durch den Kunden sendet Drive me Driver ihm im Gegenzug nur per E-Mail einen Buchungsbeleg zu, der die Informationen zur Dienstleistung zusammenfasst. Der Kunde ist f\u00fcr die \u00dcberpr\u00fcfung der im Buchungsbeleg enthaltenen Informationen verantwortlich. Wenn Drive me Driver nicht in der Lage ist, den besagten Buchungsbeleg per E-Mail zu versenden, wird davon ausgegangen, dass die Buchung dem Wunsch des Kunden entspricht.    <\/p><p>3 \u2013 PREISE<\/p><p>Drive me Driver legt den Preis der Dienstleistung gem\u00e4\u00df den vom Kunden bereitgestellten Informationen fest. Die in unseren Tarifen angegebenen Preise enthalten die Mehrwertsteuer in der H\u00f6he, die in den geltenden Vorschriften f\u00fcr Transportdienstleistungen festgelegt ist (10% f\u00fcr Transfers, 20% f\u00fcr Dienstleistungen), Chauffeurservice, Kraftstoff und unbegrenzte Versicherung f\u00fcr die bef\u00f6rderten Personen, Mautgeb\u00fchren sind im Transport enthalten. Die Parkgeb\u00fchren sind nicht im Service enthalten. <\/p><p>4 \u2013 REGELN<\/p><p>Akzeptierte Zahlungsmittel: Bargeld, Kreditkarten (Visa, MasterCard). Jede Transportleistung durch \u00dcbertragung oder Bereitstellung ist zum Zeitpunkt der Bestellung zu bezahlen. <\/p><p>5 \u2013 BUCHUNG UND STORNIERUNG<\/p><p>5 \u2013 1 \u2013 RESERVIERUNG:<\/p><p>Jede Buchung setzt die vorbehaltlose Annahme dieser Allgemeinen Verkaufsbedingungen voraus. Der Kunde und der Dienstleister verpflichten sich, alle in diesem Vertrag genannten Klauseln einzuhalten. An den oben genannten Bedingungen k\u00f6nnen keine \u00c4nderungen vorgenommen werden, es sei denn, die Parteien haben dies zuvor vereinbart. Dieser Vertrag wird von Rechts wegen und ohne jegliche Entsch\u00e4digung in allen F\u00e4llen ausgesetzt oder gek\u00fcndigt, die als h\u00f6here Gewalt (Ereignis au\u00dferhalb von Drive me Driver) anerkannt sind, wie z. B. Unterbrechung der Verkehrswege, schlechtes Wetter, Demonstrationen, Unf\u00e4lle, Ausf\u00e4lle oder St\u00f6rungen von Telekommunikationsnetzen, Mangel an Arbeitskr\u00e4ften oder Material usw. Der Vertrag gilt erst dann als abgeschlossen, wenn die Zahlung f\u00fcr die Bestellung eingegangen ist. Andernfalls erlischt sie kraft Gesetzes.    <\/p><p>Jede Reservierung eines Autos mit Fahrer ist obligatorisch und muss mindestens 24 Stunden im Voraus \u00fcber die Website oder je nach Verf\u00fcgbarkeit in letzter Minute telefonisch erfolgen.<\/p><p>Besonderheit bei einer Abholung am Bahnhof und Flughafen:<\/p><p>Sobald Sie ankommen, schalten Sie Ihr Mobiltelefon ein.<\/p><p>Bitte vermerken Sie bei der Buchung die Flug- oder Zugnummer in den &#8222;Zusatzinformationen&#8220;.<\/p><p>Wenn Sie bei Fl\u00fcgen kein aufgegebenes Gep\u00e4ck im Frachtraum haben, reicht in der Regel die in der Fahrt enthaltene Wartezeit von 15 Minuten aus. Wenn Sie jedoch aufgegebenes Gep\u00e4ck abholen m\u00fcssen und\/oder von einem au\u00dfereurop\u00e4ischen Reiseziel kommen, erfordern die Zeit, die Sie zum Verlassen des Flugzeugs, zur Gep\u00e4ckausgabe und zu m\u00f6glichen Kontrollen der Strafverfolgungsbeh\u00f6rden ben\u00f6tigen, recht lange Verz\u00f6gerungen. <\/p><p>Um eine Wartezeit zu vermeiden, empfehlen wir Ihnen, eine Versp\u00e4tung von 30 Minuten einzuplanen.<\/p><p>5 \u2013 2 \u2013 STORNIERUNG:<\/p><p>Eine Reservierung kann vom Kunden vor der im Reservierungsbeleg angegebenen Abholzeit nur per E-Mail an contact@paris-shuttle-transport.fr storniert werden:<\/p><p>80% R\u00fcckerstattung, wenn die Stornierung mehr als 48 Stunden vor der Abholzeit erfolgt<br>50% R\u00fcckerstattung, wenn die Stornierung mehr als 24 Stunden vor der Abholzeit erfolgt<br>0% R\u00fcckerstattung, wenn die Stornierung weniger als 24 Stunden vor der Abholzeit erfolgt.<\/p><p>5 \u2013 3 \u2013 PREISERH\u00d6HUNG \/ VERSP\u00c4TUNG<\/p><p>Jede Versp\u00e4tung des\/der Fahrgast(e) in Bezug auf die im Buchungsbeleg angegebene Abholzeit f\u00fchrt zu einer Erh\u00f6hung des Preises der Dienstleistung, falls der Kunde den Fahrer telefonisch unter +33 6 01 35 53 54 benachrichtigt, und zwar gem\u00e4\u00df den folgenden Verfahren:<\/p><p>Mehr als 15 Minuten Versp\u00e4tung: 10 Euro<br>Mehr als 30 Minuten Versp\u00e4tung: 25 Euro<br>F\u00fcr jede weitere halbe Stunde Versp\u00e4tung: 25 Euro<br>Die Zahlung dieser Zuschl\u00e4ge erfolgt sp\u00e4testens beim Einsteigen des\/der Fahrg\u00e4ste(s) in das Fahrzeug.<\/p><p>Im Falle der Abwesenheit des Kunden am Treffpunkt, \u00fcber die ersten 15 Minuten hinaus kostenlos, ohne Demonstration seinerseits oder Reaktion auf den Anruf des Fahrers, geht der Service endg\u00fcltig verloren, ohne die M\u00f6glichkeit einer Verschiebung und ohne dass eine R\u00fcckerstattung geltend gemacht werden kann.<\/p><p>6 \u2013 QUALIT\u00c4T DER DIENSTLEISTUNGEN<\/p><p>Die Bef\u00f6rderung von Personen gegen Entgelt ist eine reglementierte T\u00e4tigkeit. Nur autorisierte Fahrzeuge k\u00f6nnen diesen Service durchf\u00fchren und: <\/p><p>Sie m\u00fcssen \u00fcber eine von der Pr\u00e4fektur ausgestellte Berufskartennummer verf\u00fcgen.<br>Versehen mit einer Zulassungsbescheinigung, die vom Ministerium f\u00fcr \u00d6kologie, nachhaltige Entwicklung und Energie, B\u00fcro f\u00fcr die Organisation des Stra\u00dfenpersonenverkehrs \/ VTC ausgestellt wurde<br>Ausgestattet mit einem Zulassungsaufkleber, der an der Windschutzscheibe des Fahrzeugs angebracht ist.<br>Drive me Driver verpflichtet sich, die Bef\u00f6rderungsdienstleistungen in \u00dcbereinstimmung mit dem Buchungsbeleg und in \u00dcbereinstimmung mit allen geltenden Vorschriften und Gesetzen zu erbringen oder durchf\u00fchren zu lassen.<\/p><p>Im Falle der Vergabe von Unterauftr\u00e4gen stellt das Unternehmen Drive me Driver sicher, dass die von ihm eingesetzten Personen und Unternehmen die gleichen Bedingungen erf\u00fcllen.<\/p><p>7 \u2013 VERANTWORTLICHKEITEN<\/p><p>Drive me Driver wird von einer bekannten solventen Versicherungsgesellschaft garantiert, die die mit seiner T\u00e4tigkeit verbundenen Risiken gem\u00e4\u00df den geltenden Vorschriften abdeckt.<\/p><p>Im Streitfall kann die Haftung des Unternehmens Drive me Driver nur unter der Bedingung \u00fcbernommen werden, dass der Kunde den Nachweis erbringt, dass er sich schuldig verhalten hat und dass ein Kausalzusammenhang mit dem geltend gemachten Schaden besteht.<\/p><p>Die unbeschr\u00e4nkte Multi-Risk-Versicherung von Drive me Driver deckt unternehmensbezogene Verbindlichkeiten ab.<\/p><p>Der Kunde ist f\u00fcr sein Handeln rechtlich und strafrechtlich verantwortlich.<\/p><p>7 \u2013 1 \u2013 HAFTUNG DES KUNDEN UND DER BEF\u00d6RDERTEN PERSONEN<\/p><p>Der Kunde verpflichtet sich und f\u00fcr die Fahrg\u00e4ste, f\u00fcr die er einen Vertrag mit Drive me Driver abgeschlossen hat, sich ab dem Zeitpunkt der Abholung wie ein guter Vater zu verhalten, insbesondere unter Ber\u00fccksichtigung des Fahrers und des Transportmittels sowie der folgenden Bestimmungen:<\/p><p>Einhaltung der Regeln der Stra\u00dfenverkehrsordnung (Tragen eines Sicherheitsgurts, eines Autositzes, einer Sitzerh\u00f6hung usw.),<br>Kein Rauchen, Essen oder Transportieren von gef\u00e4hrlichen Stoffen. Falls erforderlich, wird Ihr Fahrer unterwegs einen Stopp einlegen.<br>Verbot des Konsums von Alkohol an Bord des Fahrzeugs,<br>Das Gep\u00e4ck wird angenommen und liegt in der Verantwortung des Kunden. Der Fahrer von Drive me kann im Falle der Besch\u00e4digung und\/oder des Verlusts von Gep\u00e4ck oder elektronischen Ger\u00e4ten (Telefon, Tablet usw.) nicht haftbar gemacht werden.<br>Jegliche Sch\u00e4den am Fahrzeug, die dem Kunden zustehen, gehen vollst\u00e4ndig zu seinen Lasten<br>F\u00fcr alle anderen Sch\u00e4den, die zur Stilllegung des Fahrzeugs f\u00fchren:- Tats\u00e4chliche Rechnungsstellung + Stilllegungskosten + Umsatzverlust \u00fcber den Durchschnitt der letzten 3 Monate. Im Falle einer Verschlechterung, die zu einer Stornierung der n\u00e4chsten Dienstleistung f\u00fchrt, wird zus\u00e4tzlich eine Pauschale von 200,00 \u20ac erhoben, die sofort per Kreditkarte zu zahlen ist.<br>Die Reinigung im Falle von Erbrochenem wird mit 200,00 \u20ac inkl. MwSt. zus\u00e4tzlich zum Service in Rechnung gestellt, der sofort per Kreditkarte zu zahlen ist.   <\/p><p>Haustiere sind nicht erlaubt.<br>Die Nichteinhaltung dieser Bestimmungen liegt in der alleinigen Verantwortung des Kunden und der Fahrg\u00e4ste sowohl gegen\u00fcber Drive me Driver als auch gegen\u00fcber Dritten. Drive me Driver lehnt jede Verantwortung f\u00fcr die Handlungen seines Kunden vor und nach seinem Transport ab. Drive me Driver beh\u00e4lt sich das Recht vor, die Abholung oder das Aussteigen eines Fahrgastes, der diesen Verpflichtungen nicht nachkommt, sowie eines alkoholkranken Fahrgastes zu verweigern. <\/p><p>7 \u2013 2 \u2013 BESCHWERDEN<\/p><p>Eine Reklamation ist nur innerhalb von 5 Tagen nach Erbringung der betreffenden Bef\u00f6rderungsleistung zul\u00e4ssig. F\u00fcr alle anderen Angelegenheiten sind die Gerichte zust\u00e4ndig und nicht der Sitz des Unternehmens Drive me Driver<\/p><p>8 \u2013 BEREITSTELLUNG \/ \u00dcBERTRAGUNG<\/p><p>8 \u2013 1 \u2013 \u00dcBERWEISUNG:<\/p><p>Der Transferservice beginnt an der Adresse des Firmensitzes von Drive me Driver und endet, sobald der Kunde an der vorgesehenen Adresse eintrifft.<\/p><p>8 \u2013 2 \u2013 BEREITSTELLUNG:<\/p><p>Verf\u00fcgbarkeit: Der Transport ist begrenzt, die Kilometerzahl im Rahmen der st\u00fcndlichen Verf\u00fcgbarkeit:<\/p><p>25 Kilometer f\u00fcr 1 Stunde Verf\u00fcgbarkeit,<br>125 Kilometer f\u00fcr 5 Stunden Verf\u00fcgbarkeit.<br>Jede angefangene Stunde ist in voller H\u00f6he f\u00e4llig.<\/p>\t\t\t\t\t\t\t\t<\/div>\n\t\t\t\t<\/div>\n\t\t\t\t<div class=\"elementor-element elementor-element-f129304 elementor-widget elementor-widget-spacer\" data-id=\"f129304\" data-element_type=\"widget\" data-e-type=\"widget\" data-widget_type=\"spacer.default\">\n\t\t\t\t<div class=\"elementor-widget-container\">\n\t\t\t\t\t\t\t<div class=\"elementor-spacer\">\n\t\t\t<div class=\"elementor-spacer-inner\"><\/div>\n\t\t<\/div>\n\t\t\t\t\t\t<\/div>\n\t\t\t\t<\/div>\n\t\t\t\t\t<\/div>\n\t\t<\/div>\n\t\t\t\t\t<\/div>\n\t\t<\/section>\n\t\t\t\t<\/div>\n\t\t","protected":false},"excerpt":{"rendered":"<p>Allgemeine Verkaufsbedingungen Die Firma Drive me Driver erbringt Transportdienstleistungen mit Hilfe von Transportfahrzeugen mit Chauffeur (VTC), ausschlie\u00dflich auf Reservierung und zu einem vordefinierten Preis. Der eingetragene Sitz von Drive me Driver befindet sich in 5 IMP VIOLETTES 67640 FEGERSHEIM. Die Firma Drive me Driver ist im Handelsregister unter der Nummer 829 153 899 und im [&hellip;]<\/p>\n","protected":false},"author":30,"featured_media":0,"parent":0,"menu_order":0,"comment_status":"closed","ping_status":"closed","template":"","meta":{"site-sidebar-layout":"no-sidebar","site-content-layout":"page-builder","ast-site-content-layout":"default","site-content-style":"default","site-sidebar-style":"default","ast-global-header-display":"","ast-banner-title-visibility":"","ast-main-header-display":"","ast-hfb-above-header-display":"","ast-hfb-below-header-display":"","ast-hfb-mobile-header-display":"","site-post-title":"disabled","ast-breadcrumbs-content":"","ast-featured-img":"disabled","footer-sml-layout":"","ast-disable-related-posts":"","theme-transparent-header-meta":"default","adv-header-id-meta":"","stick-header-meta":"default","header-above-stick-meta":"","header-main-stick-meta":"","header-below-stick-meta":"","astra-migrate-meta-layouts":"default","ast-page-background-enabled":"default","ast-page-background-meta":{"desktop":{"background-color":"","background-image":"","background-repeat":"repeat","background-position":"center center","background-size":"auto","background-attachment":"scroll","background-type":"","background-media":"","overlay-type":"","overlay-color":"","overlay-opacity":"","overlay-gradient":""},"tablet":{"background-color":"","background-image":"","background-repeat":"repeat","background-position":"center center","background-size":"auto","background-attachment":"scroll","background-type":"","background-media":"","overlay-type":"","overlay-color":"","overlay-opacity":"","overlay-gradient":""},"mobile":{"background-color":"","background-image":"","background-repeat":"repeat","background-position":"center center","background-size":"auto","background-attachment":"scroll","background-type":"","background-media":"","overlay-type":"","overlay-color":"","overlay-opacity":"","overlay-gradient":""}},"ast-content-background-meta":{"desktop":{"background-color":"var(--ast-global-color-5)","background-image":"","background-repeat":"repeat","background-position":"center center","background-size":"auto","background-attachment":"scroll","background-type":"","background-media":"","overlay-type":"","overlay-color":"","overlay-opacity":"","overlay-gradient":""},"tablet":{"background-color":"var(--ast-global-color-5)","background-image":"","background-repeat":"repeat","background-position":"center center","background-size":"auto","background-attachment":"scroll","background-type":"","background-media":"","overlay-type":"","overlay-color":"","overlay-opacity":"","overlay-gradient":""},"mobile":{"background-color":"var(--ast-global-color-5)","background-image":"","background-repeat":"repeat","background-position":"center center","background-size":"auto","background-attachment":"scroll","background-type":"","background-media":"","overlay-type":"","overlay-color":"","overlay-opacity":"","overlay-gradient":""}},"footnotes":""},"class_list":["post-3136","page","type-page","status-publish","hentry"],"yoast_head":"<!-- This site is optimized with the Yoast SEO plugin v27.0 - https:\/\/yoast.com\/product\/yoast-seo-wordpress\/ -->\n<title>C.G.V - VTC Strasbourg DMD<\/title>\n<meta name=\"robots\" content=\"index, follow, max-snippet:-1, max-image-preview:large, max-video-preview:-1\" \/>\n<link rel=\"canonical\" href=\"https:\/\/vtc-strasbourg-dmd.fr\/de\/c-g-v\/\" \/>\n<meta property=\"og:locale\" content=\"de_DE\" \/>\n<meta property=\"og:type\" content=\"article\" \/>\n<meta property=\"og:title\" content=\"C.G.V - VTC Strasbourg DMD\" \/>\n<meta property=\"og:description\" content=\"Allgemeine Verkaufsbedingungen Die Firma Drive me Driver erbringt Transportdienstleistungen mit Hilfe von Transportfahrzeugen mit Chauffeur (VTC), ausschlie\u00dflich auf Reservierung und zu einem vordefinierten Preis. Der eingetragene Sitz von Drive me Driver befindet sich in 5 IMP VIOLETTES 67640 FEGERSHEIM. Die Firma Drive me Driver ist im Handelsregister unter der Nummer 829 153 899 und im [&hellip;]\" \/>\n<meta property=\"og:url\" content=\"https:\/\/vtc-strasbourg-dmd.fr\/de\/c-g-v\/\" \/>\n<meta property=\"og:site_name\" content=\"VTC Strasbourg DMD\" \/>\n<meta property=\"article:modified_time\" content=\"2025-09-24T22:40:47+00:00\" \/>\n<meta name=\"twitter:card\" content=\"summary_large_image\" \/>\n<meta name=\"twitter:label1\" content=\"Gesch\u00e4tzte Lesezeit\" \/>\n\t<meta name=\"twitter:data1\" content=\"7 Minuten\" \/>\n<script type=\"application\/ld+json\" class=\"yoast-schema-graph\">{\"@context\":\"https:\/\/schema.org\",\"@graph\":[{\"@type\":\"WebPage\",\"@id\":\"https:\/\/vtc-strasbourg-dmd.fr\/de\/c-g-v\/\",\"url\":\"https:\/\/vtc-strasbourg-dmd.fr\/de\/c-g-v\/\",\"name\":\"C.G.V - VTC Strasbourg DMD\",\"isPartOf\":{\"@id\":\"https:\/\/vtc-strasbourg-dmd.fr\/de\/#website\"},\"datePublished\":\"2018-05-29T15:28:53+00:00\",\"dateModified\":\"2025-09-24T22:40:47+00:00\",\"breadcrumb\":{\"@id\":\"https:\/\/vtc-strasbourg-dmd.fr\/de\/c-g-v\/#breadcrumb\"},\"inLanguage\":\"de\",\"potentialAction\":[{\"@type\":\"ReadAction\",\"target\":[\"https:\/\/vtc-strasbourg-dmd.fr\/de\/c-g-v\/\"]}]},{\"@type\":\"BreadcrumbList\",\"@id\":\"https:\/\/vtc-strasbourg-dmd.fr\/de\/c-g-v\/#breadcrumb\",\"itemListElement\":[{\"@type\":\"ListItem\",\"position\":1,\"name\":\"Accueil\",\"item\":\"https:\/\/vtc-strasbourg-dmd.fr\/de\/\"},{\"@type\":\"ListItem\",\"position\":2,\"name\":\"C.G.V\"}]},{\"@type\":\"WebSite\",\"@id\":\"https:\/\/vtc-strasbourg-dmd.fr\/de\/#website\",\"url\":\"https:\/\/vtc-strasbourg-dmd.fr\/de\/\",\"name\":\"VTC Strasbourg DMD\",\"description\":\"Chauffeur VTC Strasbourg\",\"publisher\":{\"@id\":\"https:\/\/vtc-strasbourg-dmd.fr\/de\/#organization\"},\"potentialAction\":[{\"@type\":\"SearchAction\",\"target\":{\"@type\":\"EntryPoint\",\"urlTemplate\":\"https:\/\/vtc-strasbourg-dmd.fr\/de\/?s={search_term_string}\"},\"query-input\":{\"@type\":\"PropertyValueSpecification\",\"valueRequired\":true,\"valueName\":\"search_term_string\"}}],\"inLanguage\":\"de\"},{\"@type\":\"Organization\",\"@id\":\"https:\/\/vtc-strasbourg-dmd.fr\/de\/#organization\",\"name\":\"VTC Strasbourg DMD\",\"url\":\"https:\/\/vtc-strasbourg-dmd.fr\/de\/\",\"logo\":{\"@type\":\"ImageObject\",\"inLanguage\":\"de\",\"@id\":\"https:\/\/vtc-strasbourg-dmd.fr\/de\/#\/schema\/logo\/image\/\",\"url\":\"https:\/\/vtc-strasbourg-dmd.fr\/wp-content\/uploads\/2025\/05\/cropped-LOGO-DRIVE-ME-DRIVER-scaled-1.png\",\"contentUrl\":\"https:\/\/vtc-strasbourg-dmd.fr\/wp-content\/uploads\/2025\/05\/cropped-LOGO-DRIVE-ME-DRIVER-scaled-1.png\",\"width\":2557,\"height\":854,\"caption\":\"VTC Strasbourg DMD\"},\"image\":{\"@id\":\"https:\/\/vtc-strasbourg-dmd.fr\/de\/#\/schema\/logo\/image\/\"}}]}<\/script>\n<!-- \/ Yoast SEO plugin. -->","yoast_head_json":{"title":"C.G.V - VTC Strasbourg DMD","robots":{"index":"index","follow":"follow","max-snippet":"max-snippet:-1","max-image-preview":"max-image-preview:large","max-video-preview":"max-video-preview:-1"},"canonical":"https:\/\/vtc-strasbourg-dmd.fr\/de\/c-g-v\/","og_locale":"de_DE","og_type":"article","og_title":"C.G.V - VTC Strasbourg DMD","og_description":"Allgemeine Verkaufsbedingungen Die Firma Drive me Driver erbringt Transportdienstleistungen mit Hilfe von Transportfahrzeugen mit Chauffeur (VTC), ausschlie\u00dflich auf Reservierung und zu einem vordefinierten Preis. Der eingetragene Sitz von Drive me Driver befindet sich in 5 IMP VIOLETTES 67640 FEGERSHEIM. Die Firma Drive me Driver ist im Handelsregister unter der Nummer 829 153 899 und im [&hellip;]","og_url":"https:\/\/vtc-strasbourg-dmd.fr\/de\/c-g-v\/","og_site_name":"VTC Strasbourg DMD","article_modified_time":"2025-09-24T22:40:47+00:00","twitter_card":"summary_large_image","twitter_misc":{"Gesch\u00e4tzte Lesezeit":"7 Minuten"},"schema":{"@context":"https:\/\/schema.org","@graph":[{"@type":"WebPage","@id":"https:\/\/vtc-strasbourg-dmd.fr\/de\/c-g-v\/","url":"https:\/\/vtc-strasbourg-dmd.fr\/de\/c-g-v\/","name":"C.G.V - VTC Strasbourg DMD","isPartOf":{"@id":"https:\/\/vtc-strasbourg-dmd.fr\/de\/#website"},"datePublished":"2018-05-29T15:28:53+00:00","dateModified":"2025-09-24T22:40:47+00:00","breadcrumb":{"@id":"https:\/\/vtc-strasbourg-dmd.fr\/de\/c-g-v\/#breadcrumb"},"inLanguage":"de","potentialAction":[{"@type":"ReadAction","target":["https:\/\/vtc-strasbourg-dmd.fr\/de\/c-g-v\/"]}]},{"@type":"BreadcrumbList","@id":"https:\/\/vtc-strasbourg-dmd.fr\/de\/c-g-v\/#breadcrumb","itemListElement":[{"@type":"ListItem","position":1,"name":"Accueil","item":"https:\/\/vtc-strasbourg-dmd.fr\/de\/"},{"@type":"ListItem","position":2,"name":"C.G.V"}]},{"@type":"WebSite","@id":"https:\/\/vtc-strasbourg-dmd.fr\/de\/#website","url":"https:\/\/vtc-strasbourg-dmd.fr\/de\/","name":"VTC Strasbourg DMD","description":"Chauffeur VTC Strasbourg","publisher":{"@id":"https:\/\/vtc-strasbourg-dmd.fr\/de\/#organization"},"potentialAction":[{"@type":"SearchAction","target":{"@type":"EntryPoint","urlTemplate":"https:\/\/vtc-strasbourg-dmd.fr\/de\/?s={search_term_string}"},"query-input":{"@type":"PropertyValueSpecification","valueRequired":true,"valueName":"search_term_string"}}],"inLanguage":"de"},{"@type":"Organization","@id":"https:\/\/vtc-strasbourg-dmd.fr\/de\/#organization","name":"VTC Strasbourg DMD","url":"https:\/\/vtc-strasbourg-dmd.fr\/de\/","logo":{"@type":"ImageObject","inLanguage":"de","@id":"https:\/\/vtc-strasbourg-dmd.fr\/de\/#\/schema\/logo\/image\/","url":"https:\/\/vtc-strasbourg-dmd.fr\/wp-content\/uploads\/2025\/05\/cropped-LOGO-DRIVE-ME-DRIVER-scaled-1.png","contentUrl":"https:\/\/vtc-strasbourg-dmd.fr\/wp-content\/uploads\/2025\/05\/cropped-LOGO-DRIVE-ME-DRIVER-scaled-1.png","width":2557,"height":854,"caption":"VTC Strasbourg DMD"},"image":{"@id":"https:\/\/vtc-strasbourg-dmd.fr\/de\/#\/schema\/logo\/image\/"}}]}},"_links":{"self":[{"href":"https:\/\/vtc-strasbourg-dmd.fr\/de\/wp-json\/wp\/v2\/pages\/3136","targetHints":{"allow":["GET"]}}],"collection":[{"href":"https:\/\/vtc-strasbourg-dmd.fr\/de\/wp-json\/wp\/v2\/pages"}],"about":[{"href":"https:\/\/vtc-strasbourg-dmd.fr\/de\/wp-json\/wp\/v2\/types\/page"}],"author":[{"embeddable":true,"href":"https:\/\/vtc-strasbourg-dmd.fr\/de\/wp-json\/wp\/v2\/users\/30"}],"replies":[{"embeddable":true,"href":"https:\/\/vtc-strasbourg-dmd.fr\/de\/wp-json\/wp\/v2\/comments?post=3136"}],"version-history":[{"count":1,"href":"https:\/\/vtc-strasbourg-dmd.fr\/de\/wp-json\/wp\/v2\/pages\/3136\/revisions"}],"predecessor-version":[{"id":3137,"href":"https:\/\/vtc-strasbourg-dmd.fr\/de\/wp-json\/wp\/v2\/pages\/3136\/revisions\/3137"}],"wp:attachment":[{"href":"https:\/\/vtc-strasbourg-dmd.fr\/de\/wp-json\/wp\/v2\/media?parent=3136"}],"curies":[{"name":"wp","href":"https:\/\/api.w.org\/{rel}","templated":true}]}}